{"id":12,"date":"2025-02-02T11:45:54","date_gmt":"2025-02-02T10:45:54","guid":{"rendered":"https:\/\/jyskhazhozszallitas.hu\/?page_id=12"},"modified":"2025-08-11T12:57:02","modified_gmt":"2025-08-11T10:57:02","slug":"jysk-hazhozszallitas","status":"publish","type":"page","link":"https:\/\/jyskhazhozszallitas.hu\/","title":{"rendered":"JYSK h\u00e1zhozsz\u00e1ll\u00edt\u00e1s"},"content":{"rendered":"<div class=\"wpb-content-wrapper\"><p>[vc_row][vc_column][vc_column_text css=&#8221;&#8221;]<\/p>\n<h1><strong>\u00dcdv\u00f6z\u00f6lj\u00fck a JYSK h\u00e1zhozsz\u00e1ll\u00edt\u00e1s weboldal\u00e1n.<\/strong><\/h1>\n<p>A JYSK \u00e1ruh\u00e1zak hivatalos h\u00e1zhozsz\u00e1ll\u00edt\u00f3ja.[\/vc_column_text][\/vc_column][\/vc_row][vc_row][vc_column][\/vc_column][\/vc_row][vc_row full_width=&#8221;stretch_row&#8221; css=&#8221;.vc_custom_1738499101964{background-color: #143C8A !important;}&#8221;][vc_column][vc_empty_space][vc_column_text css=&#8221;&#8221;]<\/p>\n<h2 style=\"text-align: center;\"><strong><span style=\"color: #ffffff;\">Mi\u00e9rt a hivatalos JYSK \u00e1ruh\u00e1zi h\u00e1zhozsz\u00e1ll\u00edt\u00f3t v\u00e1lassza?<\/span><\/strong><\/h2>\n<p style=\"text-align: center;\"><em><span style=\"color: #ffffff;\">N\u00e9gy \u00e9rv a hivatalos h\u00e1zhoz sz\u00e1ll\u00edt\u00f3 partner mellett<\/span><\/em><\/p>\n<p>[\/vc_column_text][vc_empty_space][vc_text_separator title=&#8221;Sehova nem kell mennie, a JYSK p\u00e9nzt\u00e1rn\u00e1l kell megrendelnie!&#8221; i_type=&#8221;material&#8221; i_icon_material=&#8221;vc-material vc-material-thumb_up&#8221; i_color=&#8221;custom&#8221; i_size=&#8221;lg&#8221; title_align=&#8221;separator_align_left&#8221; align=&#8221;align_left&#8221; color=&#8221;custom&#8221; style=&#8221;dotted&#8221; border_width=&#8221;2&#8243; css_animation=&#8221;fadeInLeft&#8221; css=&#8221;.vc_custom_1744988421154{background-color: #FFFFFF !important;border-radius: 15px !important;}&#8221; add_icon=&#8221;true&#8221; accent_color=&#8221;#143C8A&#8221; i_custom_color=&#8221;#143C8A&#8221;][vc_text_separator title=&#8221;Fix d\u00edj rejtett k\u00f6lts\u00e9gek n\u00e9lk\u00fcl&#8221; i_icon_fontawesome=&#8221;fas fa-money-bill-alt&#8221; i_color=&#8221;custom&#8221; i_size=&#8221;lg&#8221; title_align=&#8221;separator_align_left&#8221; align=&#8221;align_right&#8221; color=&#8221;custom&#8221; style=&#8221;dotted&#8221; border_width=&#8221;2&#8243; css_animation=&#8221;fadeInLeft&#8221; css=&#8221;.vc_custom_1744988430544{background-color: #FFFFFF !important;border-radius: 15px !important;}&#8221; add_icon=&#8221;true&#8221; accent_color=&#8221;#143C8A&#8221; i_custom_color=&#8221;#143C8A&#8221;][vc_text_separator title=&#8221;Kisz\u00e1ll\u00edt\u00e1s r\u00f6vid hat\u00e1rid\u0151vel&#8221; i_icon_fontawesome=&#8221;fas fa-history&#8221; i_color=&#8221;custom&#8221; i_size=&#8221;lg&#8221; title_align=&#8221;separator_align_left&#8221; align=&#8221;align_right&#8221; color=&#8221;custom&#8221; style=&#8221;dotted&#8221; border_width=&#8221;2&#8243; css_animation=&#8221;fadeInLeft&#8221; css=&#8221;.vc_custom_1744988448037{background-color: #FFFFFF !important;border-radius: 15px !important;}&#8221; add_icon=&#8221;true&#8221; accent_color=&#8221;#143C8A&#8221; i_custom_color=&#8221;#143C8A&#8221;][vc_text_separator title=&#8221;Megb\u00edzhat\u00f3 szolg\u00e1ltat\u00e1s korrekt \u00e1ron&#8221; i_icon_fontawesome=&#8221;far fa-handshake&#8221; i_color=&#8221;custom&#8221; i_size=&#8221;lg&#8221; title_align=&#8221;separator_align_left&#8221; align=&#8221;align_right&#8221; color=&#8221;custom&#8221; style=&#8221;dotted&#8221; border_width=&#8221;2&#8243; css_animation=&#8221;fadeInLeft&#8221; css=&#8221;.vc_custom_1744988455278{background-color: #FFFFFF !important;border-radius: 15px !important;}&#8221; add_icon=&#8221;true&#8221; accent_color=&#8221;#143C8A&#8221; i_custom_color=&#8221;#143C8A&#8221;][\/vc_column][\/vc_row][vc_row][vc_column][vc_empty_space height=&#8221;48px&#8221;][\/vc_column][\/vc_row][vc_row][vc_column][vc_column_text css=&#8221;&#8221;]<\/p>\n<h2 style=\"text-align: center;\"><strong>JYSK h\u00e1zhoz sz\u00e1ll\u00edt\u00e1s \u00e1ltal\u00e1nos inform\u00e1ci\u00f3k<\/strong><\/h2>\n<p>[\/vc_column_text][vc_empty_space][vc_toggle title=&#8221;Hogyan \u00e9rhet\u0151 el a hivatalos JYSK h\u00e1zhoz sz\u00e1ll\u00edt\u00e1s?&#8221; style=&#8221;round&#8221; color=&#8221;blue&#8221; custom_font_container=&#8221;tag:h3|text_align:left&#8221; custom_use_theme_fonts=&#8221;yes&#8221; css=&#8221;&#8221; use_custom_heading=&#8221;true&#8221;]Hivatalos JYSK h\u00e1zhoz sz\u00e1ll\u00edt\u00f3 partnerk\u00e9nt a h\u00e1zhozsz\u00e1ll\u00edt\u00e1si<br \/>\nszolg\u00e1ltat\u00e1sunk b\u00e1rmely JYSK \u00e1ruh\u00e1zban megrendelhet\u0151 a kassz\u00e1n\u00e1l, a term\u00e9kek<br \/>\nkifizet\u00e9s\u00e9vel egyidej\u0171leg.<br \/>\nNem kell m\u00e1st tennie, a JYSK \u00e1ruh\u00e1z p\u00e9nzt\u00e1r\u00e1n\u00e1l jelezni a szolg\u00e1ltat\u00e1s ir\u00e1nti ig\u00e9ny\u00e9t,<br \/>\nahol azonnal teljes k\u00f6r\u0171 t\u00e1j\u00e9koztat\u00e1st tudnak adnak.[\/vc_toggle][vc_toggle title=&#8221;Mikor sz\u00e1ll\u00edtunk?&#8221; style=&#8221;round&#8221; color=&#8221;blue&#8221; custom_font_container=&#8221;tag:h3|text_align:left&#8221; custom_use_theme_fonts=&#8221;yes&#8221; css=&#8221;&#8221; use_custom_heading=&#8221;true&#8221;]A sz\u00e1ll\u00edt\u00e1s napj\u00e1t \u00d6n v\u00e1laszthatja ki, a sz\u00e1ll\u00edt\u00e1s megrendel\u00e9sekor<\/p>\n<p>\u00d6nnek lehet\u0151s\u00e9ge van arra, hogy a h\u00e1zhozsz\u00e1ll\u00edt\u00e1st rakod\u00e1si<br \/>\nszolg\u00e1ltat\u00e1ssal vagy rakod\u00e1si szolg\u00e1ltat\u00e1s n\u00e9lk\u00fcl ( basic sz\u00e1ll\u00edt\u00e1s ) rendelje<br \/>\nmeg.[\/vc_toggle][vc_toggle title=&#8221;Mit jelent a rakod\u00e1s n\u00e9lk\u00fcli h\u00e1zhoz sz\u00e1ll\u00edt\u00e1s?&#8221; style=&#8221;round&#8221; color=&#8221;blue&#8221; custom_font_container=&#8221;tag:h3|text_align:left&#8221; custom_use_theme_fonts=&#8221;yes&#8221; css=&#8221;&#8221; use_custom_heading=&#8221;true&#8221;]A rakod\u00e1s n\u00e9lk\u00fcl ig\u00e9nyelt h\u00e1zhoz sz\u00e1ll\u00edt\u00e1s a v\u00e1s\u00e1rolt term\u00e9kek JYSK<br \/>\n\u00e1ruh\u00e1zt\u00f3l az \u00d6n \u00e1ltal megadott c\u00edmig \/ kapuig \/ telekhat\u00e1rig t\u00f6rt\u00e9n\u0151 sz\u00e1ll\u00edt\u00e1s\u00e1t foglalja<br \/>\nmag\u00e1ban.[\/vc_toggle][vc_toggle title=&#8221;Mit tartalmaz a rakod\u00e1ssal b\u0151v\u00edtett h\u00e1zhoz sz\u00e1ll\u00edt\u00e1s?&#8221; style=&#8221;round&#8221; color=&#8221;blue&#8221; custom_font_container=&#8221;tag:h3|text_align:left&#8221; custom_use_theme_fonts=&#8221;yes&#8221; css=&#8221;&#8221; use_custom_heading=&#8221;true&#8221;]Mit tartalmaz a rakod\u00e1ssal b\u0151v\u00edtett h\u00e1zhoz sz\u00e1ll\u00edt\u00e1s?<br \/>\nA rakod\u00e1s a term\u00e9kek telekhat\u00e1rt\u00f3l\/kaput\u00f3l az \u00d6n \u00e1ltal megjel\u00f6lt helyre<br \/>\nt\u00f6rt\u00e9n\u0151 behord\u00e1s\u00e1t jelenti. Rakod\u00e1si ig\u00e9ny\u00e9re a p\u00e9nzt\u00e1rn\u00e1l r\u00e1k\u00e9rdeznek \u00e9s ott kell<br \/>\njelezni a v\u00e1laszt\u00e1s\u00e1t. A rakod\u00e1s a term\u00e9k v\u00e9gs\u0151 hely\u00e9re t\u00f6rt\u00e9n\u0151 behord\u00e1st jelenti. A<br \/>\nrakod\u00e1ssal b\u0151vitett sz\u00e1ll\u00edt\u00e1s d\u00edja b\u00e1rmely emeletre felhord\u00e1st is mag\u00e1ban foglalja! A<br \/>\nrakod\u00e1s kivitelez\u00e9s\u00e9nek felt\u00e9tele minden esetben a b\u00fator \u00fatj\u00e1nak szabadd\u00e1 t\u00e9tele.<br \/>\nMintadarab b\u00fatorokat sz\u00e9tszerelt \u00e9s megfelel\u0151en bef\u00f3li\u00e1zott \u00e1llapotban sz\u00e1ll\u00edtunk.[\/vc_toggle][vc_toggle title=&#8221;Hogyan fizethet a h\u00e1zhoz sz\u00e1ll\u00edt\u00e1s\u00e9rt?&#8221; style=&#8221;round&#8221; color=&#8221;blue&#8221; custom_font_container=&#8221;tag:h3|text_align:left&#8221; custom_use_theme_fonts=&#8221;yes&#8221; css=&#8221;&#8221; use_custom_heading=&#8221;true&#8221;]Jelenleg a h\u00e1zhoz sz\u00e1ll\u00edt\u00e1s teljes d\u00edja a sz\u00e1ll\u00edt\u00e1s megt\u00f6rt\u00e9ntekor, a sz\u00e1ll\u00edt\u00f3 c\u00e9g<br \/>\nk\u00e9pvisel\u0151j\u00e9n\u00e9l k\u00e9szp\u00e9nzben fizetend\u0151. ( Kiv\u00e9tel B2B \u00fcgyfelek )[\/vc_toggle][\/vc_column][\/vc_row]<\/p>\n<\/div>","protected":false},"excerpt":{"rendered":"<p>[vc_row][vc_column][vc_column_text css=&#8221;&#8221;] \u00dcdv\u00f6z\u00f6lj\u00fck a JYSK h\u00e1zhozsz\u00e1ll\u00edt\u00e1s weboldal\u00e1n. A JYSK \u00e1ruh\u00e1zak hivatalos h\u00e1zhozsz\u00e1ll\u00edt\u00f3ja.[\/vc_column_text][\/vc_column][\/vc_row][vc_row][vc_column][\/vc_column][\/vc_row][vc_row full_width=&#8221;stretch_row&#8221; css=&#8221;.vc_custom_1738499101964{background-color: #143C8A !important;}&#8221;][vc_column][vc_empty_space][vc_column_text css=&#8221;&#8221;] Mi\u00e9rt a hivatalos JYSK \u00e1ruh\u00e1zi h\u00e1zhozsz\u00e1ll\u00edt\u00f3t v\u00e1lassza? N\u00e9gy&hellip;<\/p>\n","protected":false},"author":1,"featured_media":0,"parent":0,"menu_order":0,"comment_status":"closed","ping_status":"closed","template":"","meta":{"footnotes":""},"class_list":["post-12","page","type-page","status-publish","hentry"],"yoast_head":"<!-- This site is optimized with the Yoast SEO plugin v27.4 - https:\/\/yoast.com\/product\/yoast-seo-wordpress\/ -->\n<title>JYSK h\u00e1zhozsz\u00e1ll\u00edt\u00e1s - JYSK h\u00e1zhozsz\u00e1ll\u00edt\u00e1s<\/title>\n<meta name=\"robots\" content=\"index, follow, max-snippet:-1, max-image-preview:large, max-video-preview:-1\" \/>\n<link rel=\"canonical\" href=\"https:\/\/jyskhazhozszallitas.hu\/en\/\" \/>\n<meta property=\"og:locale\" content=\"hu_HU\" \/>\n<meta property=\"og:type\" content=\"article\" \/>\n<meta property=\"og:title\" content=\"JYSK h\u00e1zhozsz\u00e1ll\u00edt\u00e1s - JYSK h\u00e1zhozsz\u00e1ll\u00edt\u00e1s\" \/>\n<meta property=\"og:description\" content=\"[vc_row][vc_column][vc_column_text css=&#8221;&#8221;] \u00dcdv\u00f6z\u00f6lj\u00fck a JYSK h\u00e1zhozsz\u00e1ll\u00edt\u00e1s weboldal\u00e1n. A JYSK \u00e1ruh\u00e1zak hivatalos h\u00e1zhozsz\u00e1ll\u00edt\u00f3ja.[\/vc_column_text][\/vc_column][\/vc_row][vc_row][vc_column][\/vc_column][\/vc_row][vc_row full_width=&#8221;stretch_row&#8221; css=&#8221;.vc_custom_1738499101964{background-color: #143C8A !important;}&#8221;][vc_column][vc_empty_space][vc_column_text css=&#8221;&#8221;] Mi\u00e9rt a hivatalos JYSK \u00e1ruh\u00e1zi h\u00e1zhozsz\u00e1ll\u00edt\u00f3t v\u00e1lassza? N\u00e9gy&hellip;\" \/>\n<meta property=\"og:url\" content=\"https:\/\/jyskhazhozszallitas.hu\/en\/\" \/>\n<meta property=\"og:site_name\" content=\"JYSK h\u00e1zhozsz\u00e1ll\u00edt\u00e1s\" \/>\n<meta property=\"article:modified_time\" content=\"2025-08-11T10:57:02+00:00\" \/>\n<meta name=\"twitter:card\" content=\"summary_large_image\" \/>\n<meta name=\"twitter:label1\" content=\"Becs\u00fclt olvas\u00e1si id\u0151\" \/>\n\t<meta name=\"twitter:data1\" content=\"3 perc\" \/>\n<script type=\"application\/ld+json\" class=\"yoast-schema-graph\">{\"@context\":\"https:\\\/\\\/schema.org\",\"@graph\":[{\"@type\":\"WebPage\",\"@id\":\"https:\\\/\\\/jyskhazhozszallitas.hu\\\/en\\\/\",\"url\":\"https:\\\/\\\/jyskhazhozszallitas.hu\\\/en\\\/\",\"name\":\"JYSK h\u00e1zhozsz\u00e1ll\u00edt\u00e1s - JYSK h\u00e1zhozsz\u00e1ll\u00edt\u00e1s\",\"isPartOf\":{\"@id\":\"https:\\\/\\\/jyskhazhozszallitas.hu\\\/#website\"},\"datePublished\":\"2025-02-02T10:45:54+00:00\",\"dateModified\":\"2025-08-11T10:57:02+00:00\",\"breadcrumb\":{\"@id\":\"https:\\\/\\\/jyskhazhozszallitas.hu\\\/en\\\/#breadcrumb\"},\"inLanguage\":\"hu\",\"potentialAction\":[{\"@type\":\"ReadAction\",\"target\":[\"https:\\\/\\\/jyskhazhozszallitas.hu\\\/en\\\/\"]}]},{\"@type\":\"BreadcrumbList\",\"@id\":\"https:\\\/\\\/jyskhazhozszallitas.hu\\\/en\\\/#breadcrumb\",\"itemListElement\":[{\"@type\":\"ListItem\",\"position\":1,\"name\":\"Kezd\u0151lap\",\"item\":\"https:\\\/\\\/jyskhazhozszallitas.hu\\\/en\\\/\"},{\"@type\":\"ListItem\",\"position\":2,\"name\":\"JYSK h\u00e1zhozsz\u00e1ll\u00edt\u00e1s\"}]},{\"@type\":\"WebSite\",\"@id\":\"https:\\\/\\\/jyskhazhozszallitas.hu\\\/#website\",\"url\":\"https:\\\/\\\/jyskhazhozszallitas.hu\\\/\",\"name\":\"JYSK h\u00e1zhozsz\u00e1ll\u00edt\u00e1s\",\"description\":\"\",\"potentialAction\":[{\"@type\":\"SearchAction\",\"target\":{\"@type\":\"EntryPoint\",\"urlTemplate\":\"https:\\\/\\\/jyskhazhozszallitas.hu\\\/?s={search_term_string}\"},\"query-input\":{\"@type\":\"PropertyValueSpecification\",\"valueRequired\":true,\"valueName\":\"search_term_string\"}}],\"inLanguage\":\"hu\"}]}<\/script>\n<!-- \/ Yoast SEO plugin. -->","yoast_head_json":{"title":"JYSK h\u00e1zhozsz\u00e1ll\u00edt\u00e1s - JYSK h\u00e1zhozsz\u00e1ll\u00edt\u00e1s","robots":{"index":"index","follow":"follow","max-snippet":"max-snippet:-1","max-image-preview":"max-image-preview:large","max-video-preview":"max-video-preview:-1"},"canonical":"https:\/\/jyskhazhozszallitas.hu\/en\/","og_locale":"hu_HU","og_type":"article","og_title":"JYSK h\u00e1zhozsz\u00e1ll\u00edt\u00e1s - JYSK h\u00e1zhozsz\u00e1ll\u00edt\u00e1s","og_description":"[vc_row][vc_column][vc_column_text css=&#8221;&#8221;] \u00dcdv\u00f6z\u00f6lj\u00fck a JYSK h\u00e1zhozsz\u00e1ll\u00edt\u00e1s weboldal\u00e1n. A JYSK \u00e1ruh\u00e1zak hivatalos h\u00e1zhozsz\u00e1ll\u00edt\u00f3ja.[\/vc_column_text][\/vc_column][\/vc_row][vc_row][vc_column][\/vc_column][\/vc_row][vc_row full_width=&#8221;stretch_row&#8221; css=&#8221;.vc_custom_1738499101964{background-color: #143C8A !important;}&#8221;][vc_column][vc_empty_space][vc_column_text css=&#8221;&#8221;] Mi\u00e9rt a hivatalos JYSK \u00e1ruh\u00e1zi h\u00e1zhozsz\u00e1ll\u00edt\u00f3t v\u00e1lassza? N\u00e9gy&hellip;","og_url":"https:\/\/jyskhazhozszallitas.hu\/en\/","og_site_name":"JYSK h\u00e1zhozsz\u00e1ll\u00edt\u00e1s","article_modified_time":"2025-08-11T10:57:02+00:00","twitter_card":"summary_large_image","twitter_misc":{"Becs\u00fclt olvas\u00e1si id\u0151":"3 perc"},"schema":{"@context":"https:\/\/schema.org","@graph":[{"@type":"WebPage","@id":"https:\/\/jyskhazhozszallitas.hu\/en\/","url":"https:\/\/jyskhazhozszallitas.hu\/en\/","name":"JYSK h\u00e1zhozsz\u00e1ll\u00edt\u00e1s - JYSK h\u00e1zhozsz\u00e1ll\u00edt\u00e1s","isPartOf":{"@id":"https:\/\/jyskhazhozszallitas.hu\/#website"},"datePublished":"2025-02-02T10:45:54+00:00","dateModified":"2025-08-11T10:57:02+00:00","breadcrumb":{"@id":"https:\/\/jyskhazhozszallitas.hu\/en\/#breadcrumb"},"inLanguage":"hu","potentialAction":[{"@type":"ReadAction","target":["https:\/\/jyskhazhozszallitas.hu\/en\/"]}]},{"@type":"BreadcrumbList","@id":"https:\/\/jyskhazhozszallitas.hu\/en\/#breadcrumb","itemListElement":[{"@type":"ListItem","position":1,"name":"Kezd\u0151lap","item":"https:\/\/jyskhazhozszallitas.hu\/en\/"},{"@type":"ListItem","position":2,"name":"JYSK h\u00e1zhozsz\u00e1ll\u00edt\u00e1s"}]},{"@type":"WebSite","@id":"https:\/\/jyskhazhozszallitas.hu\/#website","url":"https:\/\/jyskhazhozszallitas.hu\/","name":"JYSK h\u00e1zhozsz\u00e1ll\u00edt\u00e1s","description":"","potentialAction":[{"@type":"SearchAction","target":{"@type":"EntryPoint","urlTemplate":"https:\/\/jyskhazhozszallitas.hu\/?s={search_term_string}"},"query-input":{"@type":"PropertyValueSpecification","valueRequired":true,"valueName":"search_term_string"}}],"inLanguage":"hu"}]}},"_links":{"self":[{"href":"https:\/\/jyskhazhozszallitas.hu\/index.php\/wp-json\/wp\/v2\/pages\/12","targetHints":{"allow":["GET"]}}],"collection":[{"href":"https:\/\/jyskhazhozszallitas.hu\/index.php\/wp-json\/wp\/v2\/pages"}],"about":[{"href":"https:\/\/jyskhazhozszallitas.hu\/index.php\/wp-json\/wp\/v2\/types\/page"}],"author":[{"embeddable":true,"href":"https:\/\/jyskhazhozszallitas.hu\/index.php\/wp-json\/wp\/v2\/users\/1"}],"replies":[{"embeddable":true,"href":"https:\/\/jyskhazhozszallitas.hu\/index.php\/wp-json\/wp\/v2\/comments?post=12"}],"version-history":[{"count":19,"href":"https:\/\/jyskhazhozszallitas.hu\/index.php\/wp-json\/wp\/v2\/pages\/12\/revisions"}],"predecessor-version":[{"id":148,"href":"https:\/\/jyskhazhozszallitas.hu\/index.php\/wp-json\/wp\/v2\/pages\/12\/revisions\/148"}],"wp:attachment":[{"href":"https:\/\/jyskhazhozszallitas.hu\/index.php\/wp-json\/wp\/v2\/media?parent=12"}],"curies":[{"name":"wp","href":"https:\/\/api.w.org\/{rel}","templated":true}]}}