{"id":34,"date":"2025-02-15T11:44:24","date_gmt":"2025-02-15T10:44:24","guid":{"rendered":"https:\/\/jyskhazhozszallitas.hu\/?page_id=34"},"modified":"2025-04-07T17:47:52","modified_gmt":"2025-04-07T15:47:52","slug":"rolunk","status":"publish","type":"page","link":"https:\/\/jyskhazhozszallitas.hu\/index.php\/rolunk\/","title":{"rendered":"R\u00f3lunk"},"content":{"rendered":"<div class=\"wpb-content-wrapper\"><p>[vc_row equal_height=&#8221;yes&#8221; content_placement=&#8221;middle&#8221; css=&#8221;.vc_custom_1742058223788{background-color: #143C8A !important;}&#8221;][vc_column width=&#8221;2\/3&#8243;][vc_column_text css=&#8221;&#8221;]<\/p>\n<h1><span style=\"color: #ffffff;\">Imm\u00e1r 20 esztendeje a JYSK h\u00e1zhozsz\u00e1ll\u00edt\u00e1s a f\u00f3kuszban!<\/span><\/h1>\n<p><span style=\"color: #ffffff;\">T\u00f6bb, mint 40 \u00e9ve stabil orsz\u00e1gos jelenl\u00e9ttel \u00e9s kiemelked\u0151 \u00fcgyf\u00e9l el\u00e9gedetts\u00e9ggel a belf\u00f6ldi sz\u00e1ll\u00edt\u00e1si piacon!<\/span>[\/vc_column_text][\/vc_column][vc_column width=&#8221;1\/3&#8243;][vc_single_image image=&#8221;69&#8243; img_size=&#8221;full&#8221; alignment=&#8221;center&#8221; style=&#8221;vc_box_rounded&#8221; css=&#8221;&#8221;][\/vc_column][\/vc_row][vc_row][vc_column][vc_empty_space][\/vc_column][\/vc_row][vc_row][vc_column][vc_column_text css=&#8221;&#8221;]<\/p>\n<h2>Pr\u00e9mium szolg\u00e1ltat\u00e1s a JYSK elv\u00e1r\u00e1sainak megfelel\u0151en<\/h2>\n<p>A vil\u00e1g 48 orsz\u00e1g\u00e1ban jelenl\u00e9v\u0151 JYSK \u00e1ruh\u00e1zl\u00e1nc hivatalos hazai h\u00e1zhoz sz\u00e1ll\u00edt\u00f3 partnerek\u00e9nt dolgozunk \u2013 imm\u00e1ron 100 \u00e1ruh\u00e1z h\u00e1zhozsz\u00e1ll\u00edt\u00e1si feladatait ell\u00e1tva.<\/p>\n<p>T\u00f6reksz\u00fcnk a gyors, min\u00e9l pontosabb \u00e9s megb\u00edzhat\u00f3 sz\u00e1ll\u00edt\u00e1si szolg\u00e1ltat\u00e1s ny\u00fajt\u00e1s\u00e1ra.<\/p>\n<p>Saj\u00e1t fejleszt\u00e9s\u0171, az \u00f6sszes hazai JYSK \u00e1ruh\u00e1zat ell\u00e1t\u00f3 \u00e9s \u00f6sszefog\u00f3 informatikai rendszerrel dolgozunk.<\/p>\n<p>A v\u00e1s\u00e1rl\u00e1s helysz\u00edn\u00e9n, m\u00e1r a fizet\u00e9s pillanat\u00e1ban ig\u00e9nyelheti orsz\u00e1gos lefedetts\u00e9g\u0171 h\u00e1zhozsz\u00e1ll\u00edt\u00e1si szolg\u00e1ltat\u00e1sunkat.<\/p>\n<p>\u00cdgy az \u00f6sszes \u00a0hazai JYSK \u00c1ruh\u00e1zban rejtett k\u00f6lts\u00e9gek n\u00e9lk\u00fcl, teljes k\u00f6r\u0171 t\u00e1j\u00e9koztat\u00e1s mellett, teljes biztons\u00e1ggal rendelheti meg a v\u00e1s\u00e1rolt term\u00e9kek h\u00e1zhozsz\u00e1ll\u00edt\u00e1s\u00e1t.[\/vc_column_text][\/vc_column][\/vc_row]<\/p>\n<\/div>","protected":false},"excerpt":{"rendered":"<p>[vc_row equal_height=&#8221;yes&#8221; content_placement=&#8221;middle&#8221; css=&#8221;.vc_custom_1742058223788{background-color: #143C8A !important;}&#8221;][vc_column width=&#8221;2\/3&#8243;][vc_column_text css=&#8221;&#8221;] Imm\u00e1r 20 esztendeje a JYSK h\u00e1zhozsz\u00e1ll\u00edt\u00e1s a f\u00f3kuszban! T\u00f6bb, mint 40 \u00e9ve stabil orsz\u00e1gos jelenl\u00e9ttel \u00e9s kiemelked\u0151&hellip;<\/p>\n","protected":false},"author":1,"featured_media":0,"parent":0,"menu_order":0,"comment_status":"closed","ping_status":"closed","template":"","meta":{"footnotes":""},"class_list":["post-34","page","type-page","status-publish","hentry"],"yoast_head":"<!-- This site is optimized with the Yoast SEO plugin v27.3 - https:\/\/yoast.com\/product\/yoast-seo-wordpress\/ -->\n<title>R\u00f3lunk - JYSK h\u00e1zhozsz\u00e1ll\u00edt\u00e1s<\/title>\n<meta name=\"robots\" content=\"index, follow, max-snippet:-1, max-image-preview:large, max-video-preview:-1\" \/>\n<link rel=\"canonical\" href=\"https:\/\/jyskhazhozszallitas.hu\/index.php\/rolunk\/\" \/>\n<meta property=\"og:locale\" content=\"hu_HU\" \/>\n<meta property=\"og:type\" content=\"article\" \/>\n<meta property=\"og:title\" content=\"R\u00f3lunk - JYSK h\u00e1zhozsz\u00e1ll\u00edt\u00e1s\" \/>\n<meta property=\"og:description\" content=\"[vc_row equal_height=&#8221;yes&#8221; content_placement=&#8221;middle&#8221; css=&#8221;.vc_custom_1742058223788{background-color: #143C8A !important;}&#8221;][vc_column width=&#8221;2\/3&#8243;][vc_column_text css=&#8221;&#8221;] Imm\u00e1r 20 esztendeje a JYSK h\u00e1zhozsz\u00e1ll\u00edt\u00e1s a f\u00f3kuszban! T\u00f6bb, mint 40 \u00e9ve stabil orsz\u00e1gos jelenl\u00e9ttel \u00e9s kiemelked\u0151&hellip;\" \/>\n<meta property=\"og:url\" content=\"https:\/\/jyskhazhozszallitas.hu\/index.php\/rolunk\/\" \/>\n<meta property=\"og:site_name\" content=\"JYSK h\u00e1zhozsz\u00e1ll\u00edt\u00e1s\" \/>\n<meta property=\"article:modified_time\" content=\"2025-04-07T15:47:52+00:00\" \/>\n<meta name=\"twitter:card\" content=\"summary_large_image\" \/>\n<meta name=\"twitter:label1\" content=\"Becs\u00fclt olvas\u00e1si id\u0151\" \/>\n\t<meta name=\"twitter:data1\" content=\"1 perc\" \/>\n<script type=\"application\/ld+json\" class=\"yoast-schema-graph\">{\"@context\":\"https:\\\/\\\/schema.org\",\"@graph\":[{\"@type\":\"WebPage\",\"@id\":\"https:\\\/\\\/jyskhazhozszallitas.hu\\\/index.php\\\/rolunk\\\/\",\"url\":\"https:\\\/\\\/jyskhazhozszallitas.hu\\\/index.php\\\/rolunk\\\/\",\"name\":\"R\u00f3lunk - JYSK h\u00e1zhozsz\u00e1ll\u00edt\u00e1s\",\"isPartOf\":{\"@id\":\"https:\\\/\\\/jyskhazhozszallitas.hu\\\/#website\"},\"datePublished\":\"2025-02-15T10:44:24+00:00\",\"dateModified\":\"2025-04-07T15:47:52+00:00\",\"breadcrumb\":{\"@id\":\"https:\\\/\\\/jyskhazhozszallitas.hu\\\/index.php\\\/rolunk\\\/#breadcrumb\"},\"inLanguage\":\"hu\",\"potentialAction\":[{\"@type\":\"ReadAction\",\"target\":[\"https:\\\/\\\/jyskhazhozszallitas.hu\\\/index.php\\\/rolunk\\\/\"]}]},{\"@type\":\"BreadcrumbList\",\"@id\":\"https:\\\/\\\/jyskhazhozszallitas.hu\\\/index.php\\\/rolunk\\\/#breadcrumb\",\"itemListElement\":[{\"@type\":\"ListItem\",\"position\":1,\"name\":\"Kezd\u0151lap\",\"item\":\"https:\\\/\\\/jyskhazhozszallitas.hu\\\/en\\\/\"},{\"@type\":\"ListItem\",\"position\":2,\"name\":\"R\u00f3lunk\"}]},{\"@type\":\"WebSite\",\"@id\":\"https:\\\/\\\/jyskhazhozszallitas.hu\\\/#website\",\"url\":\"https:\\\/\\\/jyskhazhozszallitas.hu\\\/\",\"name\":\"JYSK h\u00e1zhozsz\u00e1ll\u00edt\u00e1s\",\"description\":\"\",\"potentialAction\":[{\"@type\":\"SearchAction\",\"target\":{\"@type\":\"EntryPoint\",\"urlTemplate\":\"https:\\\/\\\/jyskhazhozszallitas.hu\\\/?s={search_term_string}\"},\"query-input\":{\"@type\":\"PropertyValueSpecification\",\"valueRequired\":true,\"valueName\":\"search_term_string\"}}],\"inLanguage\":\"hu\"}]}<\/script>\n<!-- \/ Yoast SEO plugin. -->","yoast_head_json":{"title":"R\u00f3lunk - JYSK h\u00e1zhozsz\u00e1ll\u00edt\u00e1s","robots":{"index":"index","follow":"follow","max-snippet":"max-snippet:-1","max-image-preview":"max-image-preview:large","max-video-preview":"max-video-preview:-1"},"canonical":"https:\/\/jyskhazhozszallitas.hu\/index.php\/rolunk\/","og_locale":"hu_HU","og_type":"article","og_title":"R\u00f3lunk - JYSK h\u00e1zhozsz\u00e1ll\u00edt\u00e1s","og_description":"[vc_row equal_height=&#8221;yes&#8221; content_placement=&#8221;middle&#8221; css=&#8221;.vc_custom_1742058223788{background-color: #143C8A !important;}&#8221;][vc_column width=&#8221;2\/3&#8243;][vc_column_text css=&#8221;&#8221;] Imm\u00e1r 20 esztendeje a JYSK h\u00e1zhozsz\u00e1ll\u00edt\u00e1s a f\u00f3kuszban! T\u00f6bb, mint 40 \u00e9ve stabil orsz\u00e1gos jelenl\u00e9ttel \u00e9s kiemelked\u0151&hellip;","og_url":"https:\/\/jyskhazhozszallitas.hu\/index.php\/rolunk\/","og_site_name":"JYSK h\u00e1zhozsz\u00e1ll\u00edt\u00e1s","article_modified_time":"2025-04-07T15:47:52+00:00","twitter_card":"summary_large_image","twitter_misc":{"Becs\u00fclt olvas\u00e1si id\u0151":"1 perc"},"schema":{"@context":"https:\/\/schema.org","@graph":[{"@type":"WebPage","@id":"https:\/\/jyskhazhozszallitas.hu\/index.php\/rolunk\/","url":"https:\/\/jyskhazhozszallitas.hu\/index.php\/rolunk\/","name":"R\u00f3lunk - JYSK h\u00e1zhozsz\u00e1ll\u00edt\u00e1s","isPartOf":{"@id":"https:\/\/jyskhazhozszallitas.hu\/#website"},"datePublished":"2025-02-15T10:44:24+00:00","dateModified":"2025-04-07T15:47:52+00:00","breadcrumb":{"@id":"https:\/\/jyskhazhozszallitas.hu\/index.php\/rolunk\/#breadcrumb"},"inLanguage":"hu","potentialAction":[{"@type":"ReadAction","target":["https:\/\/jyskhazhozszallitas.hu\/index.php\/rolunk\/"]}]},{"@type":"BreadcrumbList","@id":"https:\/\/jyskhazhozszallitas.hu\/index.php\/rolunk\/#breadcrumb","itemListElement":[{"@type":"ListItem","position":1,"name":"Kezd\u0151lap","item":"https:\/\/jyskhazhozszallitas.hu\/en\/"},{"@type":"ListItem","position":2,"name":"R\u00f3lunk"}]},{"@type":"WebSite","@id":"https:\/\/jyskhazhozszallitas.hu\/#website","url":"https:\/\/jyskhazhozszallitas.hu\/","name":"JYSK h\u00e1zhozsz\u00e1ll\u00edt\u00e1s","description":"","potentialAction":[{"@type":"SearchAction","target":{"@type":"EntryPoint","urlTemplate":"https:\/\/jyskhazhozszallitas.hu\/?s={search_term_string}"},"query-input":{"@type":"PropertyValueSpecification","valueRequired":true,"valueName":"search_term_string"}}],"inLanguage":"hu"}]}},"_links":{"self":[{"href":"https:\/\/jyskhazhozszallitas.hu\/index.php\/wp-json\/wp\/v2\/pages\/34","targetHints":{"allow":["GET"]}}],"collection":[{"href":"https:\/\/jyskhazhozszallitas.hu\/index.php\/wp-json\/wp\/v2\/pages"}],"about":[{"href":"https:\/\/jyskhazhozszallitas.hu\/index.php\/wp-json\/wp\/v2\/types\/page"}],"author":[{"embeddable":true,"href":"https:\/\/jyskhazhozszallitas.hu\/index.php\/wp-json\/wp\/v2\/users\/1"}],"replies":[{"embeddable":true,"href":"https:\/\/jyskhazhozszallitas.hu\/index.php\/wp-json\/wp\/v2\/comments?post=34"}],"version-history":[{"count":5,"href":"https:\/\/jyskhazhozszallitas.hu\/index.php\/wp-json\/wp\/v2\/pages\/34\/revisions"}],"predecessor-version":[{"id":84,"href":"https:\/\/jyskhazhozszallitas.hu\/index.php\/wp-json\/wp\/v2\/pages\/34\/revisions\/84"}],"wp:attachment":[{"href":"https:\/\/jyskhazhozszallitas.hu\/index.php\/wp-json\/wp\/v2\/media?parent=34"}],"curies":[{"name":"wp","href":"https:\/\/api.w.org\/{rel}","templated":true}]}}