{"id":37,"date":"2025-02-15T11:49:12","date_gmt":"2025-02-15T10:49:12","guid":{"rendered":"https:\/\/jyskhazhozszallitas.hu\/?page_id=37"},"modified":"2025-04-27T18:09:19","modified_gmt":"2025-04-27T16:09:19","slug":"kapcsolat","status":"publish","type":"page","link":"https:\/\/jyskhazhozszallitas.hu\/index.php\/kapcsolat\/","title":{"rendered":"kapcsolat"},"content":{"rendered":"<div class=\"wpb-content-wrapper\"><p>[vc_row][vc_column][vc_column_text css=&#8221;&#8221;]<\/p>\n<h1>Kapcsolat<\/h1>\n<p>Lakoss\u00e1gi \u00e9s v\u00e1llalati (B2B) \u00fcgyfelek r\u00e9sz\u00e9re a hivatalos JYSK<br \/>\nh\u00e1zhozsz\u00e1ll\u00edt\u00e1si- \u00e9s rakod\u00e1si szolg\u00e1ltat\u00e1sok megrendel\u00e9s\u00e9re kiz\u00e1r\u00f3lag a<br \/>\nmagyarorsz\u00e1gi JYSK \u00e1ruh\u00e1zakban van lehet\u0151s\u00e9g. Amennyiben ig\u00e9nyt tart<br \/>\nszolg\u00e1ltat\u00e1sunkra, k\u00e9rem, keresse fel a hazai JYSK \u00e1ruh\u00e1zak valamelyik\u00e9t, ahol<br \/>\nteljesk\u00f6r\u0171 felvil\u00e1gos\u00edt\u00e1st kap az \u00d6n \u00e1ltal ig\u00e9nyelhet\u0151 sz\u00e1ll\u00edt\u00e1si konstrukci\u00f3kr\u00f3l.[\/vc_column_text][\/vc_column][\/vc_row][vc_row][vc_column][vc_empty_space][\/vc_column][\/vc_row][vc_row equal_height=&#8221;yes&#8221; content_placement=&#8221;top&#8221;][vc_column width=&#8221;1\/3&#8243;][vc_column_text css=&#8221;&#8221;]<\/p>\n<h3><strong>L\u00e9pjen kapcsolatba vel\u00fcnk!<\/strong><\/h3>\n<p>K\u00e9rd\u00e9se vagy \u00e9szrev\u00e9tele van szolg\u00e1ltat\u00e1sunkkal kapcsolatban?<\/p>\n<p>V\u00e9lem\u00e9nye \u00e9s \u00e9szrev\u00e9tele fontos sz\u00e1munkra!<\/p>\n<p><strong>T\u00f6ltse ki kapcsolati \u0171rlapunkat \u00e9s koll\u00e9g\u00e1nk hamarosan megkeresi \u00d6nt a megadott el\u00e9rhet\u0151s\u00e9g\u00e9n.<\/strong>[\/vc_column_text][\/vc_column][vc_column width=&#8221;2\/3&#8243; css=&#8221;.vc_custom_1745770077231{background-color: #143C8A42 !important;border-radius: 15px !important;}&#8221;][vc_custom_heading text=&#8221;Kapcsolati \u0170rlap&#8221; use_theme_fonts=&#8221;yes&#8221; css=&#8221;&#8221;]<style id=\"wpforms-css-vars-133\">\n\t\t\t\t#wpforms-133 {\n\t\t\t\t\n\t\t\t}\n\t\t\t<\/style><div class=\"wpforms-container wpforms-container-full wpforms-render-modern\" id=\"wpforms-133\"><form id=\"wpforms-form-133\" class=\"wpforms-validate wpforms-form wpforms-ajax-form\" data-formid=\"133\" method=\"post\" enctype=\"multipart\/form-data\" action=\"\/index.php\/wp-json\/wp\/v2\/pages\/37\" data-token=\"d3640533cd11d8aae123afa2d28afd3d\" data-token-time=\"1777114566\"><noscript class=\"wpforms-error-noscript\">Please enable JavaScript in your browser to complete this form.<\/noscript><div id=\"wpforms-error-noscript\" style=\"display: none;\">Please enable JavaScript in your browser to complete this form.<\/div><div class=\"wpforms-field-container\"><div id=\"wpforms-133-field_1-container\" class=\"wpforms-field wpforms-field-name\" data-field-id=\"1\"><label class=\"wpforms-field-label\" for=\"wpforms-133-field_1\">N\u00e9v<\/label><input type=\"text\" id=\"wpforms-133-field_1\" class=\"wpforms-field-medium\" name=\"wpforms[fields][1]\" placeholder=\"Nem k\u00f6telez\u0151\" aria-errormessage=\"wpforms-133-field_1-error\" ><\/div><div id=\"wpforms-133-field_2-container\" class=\"wpforms-field wpforms-field-email\" data-field-id=\"2\"><label class=\"wpforms-field-label\" for=\"wpforms-133-field_2\">Email <span class=\"wpforms-required-label\" aria-hidden=\"true\">*<\/span><\/label><input type=\"email\" id=\"wpforms-133-field_2\" class=\"wpforms-field-medium wpforms-field-required\" name=\"wpforms[fields][2]\" spellcheck=\"false\" aria-errormessage=\"wpforms-133-field_2-error\" required><\/div>\t\t<div id=\"wpforms-133-field_4-container\"\n\t\t\tclass=\"wpforms-field wpforms-field-text\"\n\t\t\tdata-field-type=\"text\"\n\t\t\tdata-field-id=\"4\"\n\t\t\t>\n\t\t\t<label class=\"wpforms-field-label\" for=\"wpforms-133-field_4\" >\u00dczenet Email N\u00e9v<\/label>\n\t\t\t<input type=\"text\" id=\"wpforms-133-field_4\" class=\"wpforms-field-medium\" name=\"wpforms[fields][4]\" >\n\t\t<\/div>\n\t\t<div id=\"wpforms-133-field_3-container\" class=\"wpforms-field wpforms-field-textarea\" data-field-id=\"3\"><label class=\"wpforms-field-label\" for=\"wpforms-133-field_3\">\u00dczenet<\/label><textarea id=\"wpforms-133-field_3\" class=\"wpforms-field-medium\" name=\"wpforms[fields][3]\" aria-errormessage=\"wpforms-133-field_3-error\" ><\/textarea><\/div><script>\n\t\t\t\t( function() {\n\t\t\t\t\tconst style = document.createElement( 'style' );\n\t\t\t\t\tstyle.appendChild( document.createTextNode( '#wpforms-133-field_4-container { position: absolute !important; overflow: hidden !important; display: inline !important; height: 1px !important; width: 1px !important; z-index: -1000 !important; padding: 0 !important; } #wpforms-133-field_4-container input { visibility: hidden; } #wpforms-conversational-form-page #wpforms-133-field_4-container label { counter-increment: none; }' ) );\n\t\t\t\t\tdocument.head.appendChild( style );\n\t\t\t\t\tdocument.currentScript?.remove();\n\t\t\t\t} )();\n\t\t\t<\/script><\/div><!-- .wpforms-field-container --><div class=\"wpforms-submit-container\" ><input type=\"hidden\" name=\"wpforms[id]\" value=\"133\"><input type=\"hidden\" name=\"page_title\" value=\"\"><input type=\"hidden\" name=\"page_url\" value=\"https:\/\/jyskhazhozszallitas.hu\/index.php\/wp-json\/wp\/v2\/pages\/37\"><input type=\"hidden\" name=\"url_referer\" value=\"\"><button type=\"submit\" name=\"wpforms[submit]\" id=\"wpforms-submit-133\" class=\"wpforms-submit\" data-alt-text=\"K\u00fcld\u00e9s...\" data-submit-text=\"\u00dczenet k\u00fcld\u00e9se\" aria-live=\"assertive\" value=\"wpforms-submit\">\u00dczenet k\u00fcld\u00e9se<\/button><img loading=\"lazy\" decoding=\"async\" src=\"https:\/\/jyskhazhozszallitas.hu\/wp-content\/plugins\/wpforms-lite\/assets\/images\/submit-spin.svg\" class=\"wpforms-submit-spinner\" style=\"display: none;\" width=\"26\" height=\"26\" alt=\"Loading\"><\/div><\/form><\/div>  <!-- .wpforms-container -->[\/vc_column][\/vc_row][vc_row][vc_column][\/vc_column][\/vc_row]<\/p>\n<\/div>","protected":false},"excerpt":{"rendered":"<p>[vc_row][vc_column][vc_column_text css=&#8221;&#8221;] Kapcsolat Lakoss\u00e1gi \u00e9s v\u00e1llalati (B2B) \u00fcgyfelek r\u00e9sz\u00e9re a hivatalos JYSK h\u00e1zhozsz\u00e1ll\u00edt\u00e1si- \u00e9s rakod\u00e1si szolg\u00e1ltat\u00e1sok megrendel\u00e9s\u00e9re kiz\u00e1r\u00f3lag a magyarorsz\u00e1gi JYSK \u00e1ruh\u00e1zakban van lehet\u0151s\u00e9g. Amennyiben&hellip;<\/p>\n","protected":false},"author":1,"featured_media":0,"parent":0,"menu_order":0,"comment_status":"closed","ping_status":"closed","template":"","meta":{"footnotes":""},"class_list":["post-37","page","type-page","status-publish","hentry"],"yoast_head":"<!-- This site is optimized with the Yoast SEO plugin v27.4 - https:\/\/yoast.com\/product\/yoast-seo-wordpress\/ -->\n<title>kapcsolat - JYSK h\u00e1zhozsz\u00e1ll\u00edt\u00e1s<\/title>\n<meta name=\"robots\" content=\"index, follow, max-snippet:-1, max-image-preview:large, max-video-preview:-1\" \/>\n<link rel=\"canonical\" href=\"https:\/\/jyskhazhozszallitas.hu\/index.php\/kapcsolat\/\" \/>\n<meta property=\"og:locale\" content=\"hu_HU\" \/>\n<meta property=\"og:type\" content=\"article\" \/>\n<meta property=\"og:title\" content=\"kapcsolat - JYSK h\u00e1zhozsz\u00e1ll\u00edt\u00e1s\" \/>\n<meta property=\"og:description\" content=\"[vc_row][vc_column][vc_column_text css=&#8221;&#8221;] Kapcsolat Lakoss\u00e1gi \u00e9s v\u00e1llalati (B2B) \u00fcgyfelek r\u00e9sz\u00e9re a hivatalos JYSK h\u00e1zhozsz\u00e1ll\u00edt\u00e1si- \u00e9s rakod\u00e1si szolg\u00e1ltat\u00e1sok megrendel\u00e9s\u00e9re kiz\u00e1r\u00f3lag a magyarorsz\u00e1gi JYSK \u00e1ruh\u00e1zakban van lehet\u0151s\u00e9g. Amennyiben&hellip;\" \/>\n<meta property=\"og:url\" content=\"https:\/\/jyskhazhozszallitas.hu\/index.php\/kapcsolat\/\" \/>\n<meta property=\"og:site_name\" content=\"JYSK h\u00e1zhozsz\u00e1ll\u00edt\u00e1s\" \/>\n<meta property=\"article:modified_time\" content=\"2025-04-27T16:09:19+00:00\" \/>\n<meta name=\"twitter:card\" content=\"summary_large_image\" \/>\n<meta name=\"twitter:label1\" content=\"Becs\u00fclt olvas\u00e1si id\u0151\" \/>\n\t<meta name=\"twitter:data1\" content=\"1 perc\" \/>\n<script type=\"application\/ld+json\" class=\"yoast-schema-graph\">{\"@context\":\"https:\\\/\\\/schema.org\",\"@graph\":[{\"@type\":\"WebPage\",\"@id\":\"https:\\\/\\\/jyskhazhozszallitas.hu\\\/index.php\\\/kapcsolat\\\/\",\"url\":\"https:\\\/\\\/jyskhazhozszallitas.hu\\\/index.php\\\/kapcsolat\\\/\",\"name\":\"kapcsolat - JYSK h\u00e1zhozsz\u00e1ll\u00edt\u00e1s\",\"isPartOf\":{\"@id\":\"https:\\\/\\\/jyskhazhozszallitas.hu\\\/#website\"},\"datePublished\":\"2025-02-15T10:49:12+00:00\",\"dateModified\":\"2025-04-27T16:09:19+00:00\",\"breadcrumb\":{\"@id\":\"https:\\\/\\\/jyskhazhozszallitas.hu\\\/index.php\\\/kapcsolat\\\/#breadcrumb\"},\"inLanguage\":\"hu\",\"potentialAction\":[{\"@type\":\"ReadAction\",\"target\":[\"https:\\\/\\\/jyskhazhozszallitas.hu\\\/index.php\\\/kapcsolat\\\/\"]}]},{\"@type\":\"BreadcrumbList\",\"@id\":\"https:\\\/\\\/jyskhazhozszallitas.hu\\\/index.php\\\/kapcsolat\\\/#breadcrumb\",\"itemListElement\":[{\"@type\":\"ListItem\",\"position\":1,\"name\":\"Kezd\u0151lap\",\"item\":\"https:\\\/\\\/jyskhazhozszallitas.hu\\\/en\\\/\"},{\"@type\":\"ListItem\",\"position\":2,\"name\":\"kapcsolat\"}]},{\"@type\":\"WebSite\",\"@id\":\"https:\\\/\\\/jyskhazhozszallitas.hu\\\/#website\",\"url\":\"https:\\\/\\\/jyskhazhozszallitas.hu\\\/\",\"name\":\"JYSK h\u00e1zhozsz\u00e1ll\u00edt\u00e1s\",\"description\":\"\",\"potentialAction\":[{\"@type\":\"SearchAction\",\"target\":{\"@type\":\"EntryPoint\",\"urlTemplate\":\"https:\\\/\\\/jyskhazhozszallitas.hu\\\/?s={search_term_string}\"},\"query-input\":{\"@type\":\"PropertyValueSpecification\",\"valueRequired\":true,\"valueName\":\"search_term_string\"}}],\"inLanguage\":\"hu\"}]}<\/script>\n<!-- \/ Yoast SEO plugin. -->","yoast_head_json":{"title":"kapcsolat - JYSK h\u00e1zhozsz\u00e1ll\u00edt\u00e1s","robots":{"index":"index","follow":"follow","max-snippet":"max-snippet:-1","max-image-preview":"max-image-preview:large","max-video-preview":"max-video-preview:-1"},"canonical":"https:\/\/jyskhazhozszallitas.hu\/index.php\/kapcsolat\/","og_locale":"hu_HU","og_type":"article","og_title":"kapcsolat - JYSK h\u00e1zhozsz\u00e1ll\u00edt\u00e1s","og_description":"[vc_row][vc_column][vc_column_text css=&#8221;&#8221;] Kapcsolat Lakoss\u00e1gi \u00e9s v\u00e1llalati (B2B) \u00fcgyfelek r\u00e9sz\u00e9re a hivatalos JYSK h\u00e1zhozsz\u00e1ll\u00edt\u00e1si- \u00e9s rakod\u00e1si szolg\u00e1ltat\u00e1sok megrendel\u00e9s\u00e9re kiz\u00e1r\u00f3lag a magyarorsz\u00e1gi JYSK \u00e1ruh\u00e1zakban van lehet\u0151s\u00e9g. Amennyiben&hellip;","og_url":"https:\/\/jyskhazhozszallitas.hu\/index.php\/kapcsolat\/","og_site_name":"JYSK h\u00e1zhozsz\u00e1ll\u00edt\u00e1s","article_modified_time":"2025-04-27T16:09:19+00:00","twitter_card":"summary_large_image","twitter_misc":{"Becs\u00fclt olvas\u00e1si id\u0151":"1 perc"},"schema":{"@context":"https:\/\/schema.org","@graph":[{"@type":"WebPage","@id":"https:\/\/jyskhazhozszallitas.hu\/index.php\/kapcsolat\/","url":"https:\/\/jyskhazhozszallitas.hu\/index.php\/kapcsolat\/","name":"kapcsolat - JYSK h\u00e1zhozsz\u00e1ll\u00edt\u00e1s","isPartOf":{"@id":"https:\/\/jyskhazhozszallitas.hu\/#website"},"datePublished":"2025-02-15T10:49:12+00:00","dateModified":"2025-04-27T16:09:19+00:00","breadcrumb":{"@id":"https:\/\/jyskhazhozszallitas.hu\/index.php\/kapcsolat\/#breadcrumb"},"inLanguage":"hu","potentialAction":[{"@type":"ReadAction","target":["https:\/\/jyskhazhozszallitas.hu\/index.php\/kapcsolat\/"]}]},{"@type":"BreadcrumbList","@id":"https:\/\/jyskhazhozszallitas.hu\/index.php\/kapcsolat\/#breadcrumb","itemListElement":[{"@type":"ListItem","position":1,"name":"Kezd\u0151lap","item":"https:\/\/jyskhazhozszallitas.hu\/en\/"},{"@type":"ListItem","position":2,"name":"kapcsolat"}]},{"@type":"WebSite","@id":"https:\/\/jyskhazhozszallitas.hu\/#website","url":"https:\/\/jyskhazhozszallitas.hu\/","name":"JYSK h\u00e1zhozsz\u00e1ll\u00edt\u00e1s","description":"","potentialAction":[{"@type":"SearchAction","target":{"@type":"EntryPoint","urlTemplate":"https:\/\/jyskhazhozszallitas.hu\/?s={search_term_string}"},"query-input":{"@type":"PropertyValueSpecification","valueRequired":true,"valueName":"search_term_string"}}],"inLanguage":"hu"}]}},"_links":{"self":[{"href":"https:\/\/jyskhazhozszallitas.hu\/index.php\/wp-json\/wp\/v2\/pages\/37","targetHints":{"allow":["GET"]}}],"collection":[{"href":"https:\/\/jyskhazhozszallitas.hu\/index.php\/wp-json\/wp\/v2\/pages"}],"about":[{"href":"https:\/\/jyskhazhozszallitas.hu\/index.php\/wp-json\/wp\/v2\/types\/page"}],"author":[{"embeddable":true,"href":"https:\/\/jyskhazhozszallitas.hu\/index.php\/wp-json\/wp\/v2\/users\/1"}],"replies":[{"embeddable":true,"href":"https:\/\/jyskhazhozszallitas.hu\/index.php\/wp-json\/wp\/v2\/comments?post=37"}],"version-history":[{"count":7,"href":"https:\/\/jyskhazhozszallitas.hu\/index.php\/wp-json\/wp\/v2\/pages\/37\/revisions"}],"predecessor-version":[{"id":139,"href":"https:\/\/jyskhazhozszallitas.hu\/index.php\/wp-json\/wp\/v2\/pages\/37\/revisions\/139"}],"wp:attachment":[{"href":"https:\/\/jyskhazhozszallitas.hu\/index.php\/wp-json\/wp\/v2\/media?parent=37"}],"curies":[{"name":"wp","href":"https:\/\/api.w.org\/{rel}","templated":true}]}}