{"id":65,"date":"2025-04-07T18:00:05","date_gmt":"2025-04-07T16:00:05","guid":{"rendered":"https:\/\/jyskhazhozszallitas.hu\/?page_id=65"},"modified":"2025-04-27T16:57:06","modified_gmt":"2025-04-27T14:57:06","slug":"__trashed","status":"publish","type":"page","link":"https:\/\/jyskhazhozszallitas.hu\/index.php\/__trashed\/","title":{"rendered":"Sz\u00e1ll\u00edt\u00e1si inform\u00e1ci\u00f3 vid\u00e9k"},"content":{"rendered":"<div class=\"wpb-content-wrapper\"><p>[vc_row][vc_column][vc_column_text css=&#8221;&#8221;]<\/p>\n<h1>Sz\u00e1ll\u00edt\u00e1si inform\u00e1ci\u00f3 Pest V\u00e1rmegy\u00e9n k\u00edv\u00fcli \u00e9s cegl\u00e9di JYSK \u00e1ruh\u00e1zak<\/h1>\n<p>[\/vc_column_text][vc_empty_space][\/vc_column][\/vc_row][vc_row][vc_column][vc_column_text css=&#8221;&#8221;]<\/p>\n<h2>K\u00e9rj\u00fck, ellen\u0151rizze a sz\u00e1ll\u00edt\u00f3lev\u00e9len r\u00f6gz\u00edtett adatokat:<\/h2>\n<p>Szem\u00e9lyes adatait (n\u00e9v, c\u00edm, telefonsz\u00e1m, e-mail)<br \/>\nSz\u00e1ll\u00edt\u00e1si c\u00edmet<br \/>\nSz\u00e1ml\u00e1z\u00e1si c\u00edmet<br \/>\nAd\u00f3sz\u00e1mot &#8211; c\u00e9ges sz\u00e1ll\u00edt\u00e1s megrendel\u00e9sekor<br \/>\nHa ig\u00e9nyelt rakod\u00e1st, r\u00f6gz\u00edt\u00e9sre ker\u00fclt a megrendel\u00e9sn\u00e9l?<br \/>\nA megv\u00e1s\u00e1rolt \u00e9s sz\u00e1ll\u00edt\u00e1sra ker\u00fcl\u0151 term\u00e9kek list\u00e1j\u00e1t<br \/>\nTart\u00f3zkodjon otthon a h\u00e1zhoz sz\u00e1ll\u00edt\u00e1s id\u0151pontj\u00e1ban!<br \/>\nFizet\u00e9s: K\u00e9szp\u00e9nzben, a helysz\u00ednen, a sz\u00e1ll\u00edt\u00e1s megt\u00f6rt\u00e9ntekor<br \/>\n( kiv\u00e9ve: B2B \u00fcgyfelek )<br \/>\nSz\u00e1ll\u00edt\u00f3levelet \u00e9s a JYSK term\u00e9kek sz\u00e1ml\u00e1j\u00e1t \u0151rizze meg<\/p>\n<p>1. Sz\u00e1ll\u00edt\u00e1si c\u00edm ellen\u0151rz\u00e9se<br \/>\nA h\u00e1zhoz sz\u00e1ll\u00edt\u00e1s pontos c\u00edme sz\u00fcks\u00e9ges, hogy a sz\u00e1ll\u00edt\u00e1st sikeresen<br \/>\nteljes\u00edthess\u00fcnk. T\u00e9ves \/pontatlan c\u00edm eset\u00e9n a sikertelen h\u00e1zhozsz\u00e1ll\u00edt\u00e1s d\u00edja is<br \/>\nkisz\u00e1ml\u00e1z\u00e1sra ker\u00fcl.<br \/>\n2. Ellen\u0151rizze a sz\u00e1ml\u00e1z\u00e1si c\u00edmet<br \/>\nA sz\u00e1ml\u00e1t a megrendel\u0151 nev\u00e9re \u00e9s c\u00edm\u00e9re \u00e1ll\u00edtjuk ki. Lehet\u0151s\u00e9g van a sz\u00e1mla m\u00e1s<br \/>\nn\u00e9vre t\u00f6rt\u00e9n\u0151 ki\u00e1ll\u00edt\u00e1s\u00e1ra \u2013 ezt a JYSK kassz\u00e1n\u00e1l, a rendel\u00e9s felv\u00e9telekor kell jelezni.<br \/>\nUt\u00f3lag a sz\u00e1mla m\u00f3dos\u00edt\u00e1s\u00e1ra nincs lehet\u0151s\u00e9g.<br \/>\n3. Sz\u00e1ll\u00edt\u00e1si sz\u00e1mla:<\/p>\n<p>A Budapest \u00e9s Pest v\u00e1rmegy\u00e9n k\u00edv\u00fcli \u00f6sszes, valamint JYSK Cegl\u00e9d \u00e1ruh\u00e1zak eset\u00e9ben: <strong>a sz\u00e1ll\u00edt\u00e1st v\u00e9gz\u0151 sof\u0151r \u00e1ll\u00edtja ki a helysz\u00ednen a h\u00e1zhozsz\u00e1ll\u00edt\u00e1si d\u00edj \u00e1tv\u00e9telekor a sz\u00e1ml\u00e1t a sz\u00e1ll\u00edt\u00f3lev\u00e9len szerepl\u0151 \u00f6sszegr\u0151l.<\/strong><\/p>\n<p>4. Ellen\u0151rizze a megv\u00e1s\u00e1rolt term\u00e9keket!<br \/>\nKiz\u00e1r\u00f3lag a sz\u00e1ll\u00edt\u00f3lev\u00e9len, a sz\u00e1ll\u00edt\u00e1s megrendel\u00e9sekor r\u00f6gz\u00edtett term\u00e9kek ker\u00fclnek<br \/>\nh\u00e1zhozsz\u00e1ll\u00edt\u00e1sra.<\/p>\n<p>5. Tart\u00f3zkodjon a megjel\u00f6lt sz\u00e1ll\u00edt\u00e1si c\u00edmen a sz\u00e1ll\u00edt\u00e1s id\u0151pontj\u00e1ban:<\/p>\n<p>Koll\u00e9g\u00e1ink nagykiterjed\u00e9s\u0171, neh\u00e9z b\u00fatorokat visznek h\u00e1zhoz, k\u00e9rj\u00fck sz\u00edves<br \/>\nt\u00fcrelm\u00fcket \u00e9s meg\u00e9rt\u00e9s\u00fcket.<\/p>\n<p>6. Sz\u00e1ll\u00edt\u00e1s t\u00edpusai:<br \/>\nRakod\u00e1s n\u00e9lk\u00fcl:<br \/>\nKapuig\/ telekhat\u00e1rig t\u00f6rt\u00e9nik &#8211; ami a teherg\u00e9pkocsival akad\u00e1lymentesen<br \/>\nmegk\u00f6zel\u00edthet\u0151.<br \/>\nRakod\u00e1ssal rendelt sz\u00e1ll\u00edt\u00e1s:<br \/>\nlak\u00e1son bel\u00fclre, k\u00edv\u00e1nt helyre \u2013 emelett\u0151l f\u00fcggetlen\u00fcl!! A rakod\u00e1si d\u00edj b\u00e1rmely<br \/>\nemeletre sz\u00e1ll\u00edt\u00e1st is mag\u00e1ban foglalja !<br \/>\nFontos: a rakod\u00e1st a b\u00fator \u00fatj\u00e1nak el\u0151zetes szabadd\u00e1 t\u00e9tele eset\u00e9n lehet kivitelezni.<br \/>\nEllenkez\u0151 esetben b\u00e1rmilyen s\u00e9r\u00fcl\u00e9s\u00e9rt, k\u00e1r\u00e9rt \u2013 felel\u0151ss\u00e9get nem v\u00e1llalunk.[\/vc_column_text][\/vc_column][\/vc_row]<\/p>\n<\/div>","protected":false},"excerpt":{"rendered":"<p>[vc_row][vc_column][vc_column_text css=&#8221;&#8221;] Sz\u00e1ll\u00edt\u00e1si inform\u00e1ci\u00f3 Pest V\u00e1rmegy\u00e9n k\u00edv\u00fcli \u00e9s cegl\u00e9di JYSK \u00e1ruh\u00e1zak [\/vc_column_text][vc_empty_space][\/vc_column][\/vc_row][vc_row][vc_column][vc_column_text css=&#8221;&#8221;] K\u00e9rj\u00fck, ellen\u0151rizze a sz\u00e1ll\u00edt\u00f3lev\u00e9len r\u00f6gz\u00edtett adatokat: Szem\u00e9lyes adatait (n\u00e9v, c\u00edm, telefonsz\u00e1m, e-mail)&hellip;<\/p>\n","protected":false},"author":1,"featured_media":0,"parent":0,"menu_order":0,"comment_status":"closed","ping_status":"closed","template":"","meta":{"footnotes":""},"class_list":["post-65","page","type-page","status-publish","hentry"],"yoast_head":"<!-- This site is optimized with the Yoast SEO plugin v27.3 - https:\/\/yoast.com\/product\/yoast-seo-wordpress\/ -->\n<title>Sz\u00e1ll\u00edt\u00e1si inform\u00e1ci\u00f3 vid\u00e9k - JYSK h\u00e1zhozsz\u00e1ll\u00edt\u00e1s<\/title>\n<meta name=\"robots\" content=\"index, follow, max-snippet:-1, max-image-preview:large, max-video-preview:-1\" \/>\n<link rel=\"canonical\" href=\"https:\/\/jyskhazhozszallitas.hu\/index.php\/__trashed\/\" \/>\n<meta property=\"og:locale\" content=\"hu_HU\" \/>\n<meta property=\"og:type\" content=\"article\" \/>\n<meta property=\"og:title\" content=\"Sz\u00e1ll\u00edt\u00e1si inform\u00e1ci\u00f3 vid\u00e9k - JYSK h\u00e1zhozsz\u00e1ll\u00edt\u00e1s\" \/>\n<meta property=\"og:description\" content=\"[vc_row][vc_column][vc_column_text css=&#8221;&#8221;] Sz\u00e1ll\u00edt\u00e1si inform\u00e1ci\u00f3 Pest V\u00e1rmegy\u00e9n k\u00edv\u00fcli \u00e9s cegl\u00e9di JYSK \u00e1ruh\u00e1zak [\/vc_column_text][vc_empty_space][\/vc_column][\/vc_row][vc_row][vc_column][vc_column_text css=&#8221;&#8221;] K\u00e9rj\u00fck, ellen\u0151rizze a sz\u00e1ll\u00edt\u00f3lev\u00e9len r\u00f6gz\u00edtett adatokat: Szem\u00e9lyes adatait (n\u00e9v, c\u00edm, telefonsz\u00e1m, e-mail)&hellip;\" \/>\n<meta property=\"og:url\" content=\"https:\/\/jyskhazhozszallitas.hu\/index.php\/__trashed\/\" \/>\n<meta property=\"og:site_name\" content=\"JYSK h\u00e1zhozsz\u00e1ll\u00edt\u00e1s\" \/>\n<meta property=\"article:modified_time\" content=\"2025-04-27T14:57:06+00:00\" \/>\n<meta name=\"twitter:card\" content=\"summary_large_image\" \/>\n<meta name=\"twitter:label1\" content=\"Becs\u00fclt olvas\u00e1si id\u0151\" \/>\n\t<meta name=\"twitter:data1\" content=\"2 perc\" \/>\n<script type=\"application\/ld+json\" class=\"yoast-schema-graph\">{\"@context\":\"https:\\\/\\\/schema.org\",\"@graph\":[{\"@type\":\"WebPage\",\"@id\":\"https:\\\/\\\/jyskhazhozszallitas.hu\\\/index.php\\\/__trashed\\\/\",\"url\":\"https:\\\/\\\/jyskhazhozszallitas.hu\\\/index.php\\\/__trashed\\\/\",\"name\":\"Sz\u00e1ll\u00edt\u00e1si inform\u00e1ci\u00f3 vid\u00e9k - JYSK h\u00e1zhozsz\u00e1ll\u00edt\u00e1s\",\"isPartOf\":{\"@id\":\"https:\\\/\\\/jyskhazhozszallitas.hu\\\/#website\"},\"datePublished\":\"2025-04-07T16:00:05+00:00\",\"dateModified\":\"2025-04-27T14:57:06+00:00\",\"breadcrumb\":{\"@id\":\"https:\\\/\\\/jyskhazhozszallitas.hu\\\/index.php\\\/__trashed\\\/#breadcrumb\"},\"inLanguage\":\"hu\",\"potentialAction\":[{\"@type\":\"ReadAction\",\"target\":[\"https:\\\/\\\/jyskhazhozszallitas.hu\\\/index.php\\\/__trashed\\\/\"]}]},{\"@type\":\"BreadcrumbList\",\"@id\":\"https:\\\/\\\/jyskhazhozszallitas.hu\\\/index.php\\\/__trashed\\\/#breadcrumb\",\"itemListElement\":[{\"@type\":\"ListItem\",\"position\":1,\"name\":\"Kezd\u0151lap\",\"item\":\"https:\\\/\\\/jyskhazhozszallitas.hu\\\/en\\\/\"},{\"@type\":\"ListItem\",\"position\":2,\"name\":\"Sz\u00e1ll\u00edt\u00e1si inform\u00e1ci\u00f3 vid\u00e9k\"}]},{\"@type\":\"WebSite\",\"@id\":\"https:\\\/\\\/jyskhazhozszallitas.hu\\\/#website\",\"url\":\"https:\\\/\\\/jyskhazhozszallitas.hu\\\/\",\"name\":\"JYSK h\u00e1zhozsz\u00e1ll\u00edt\u00e1s\",\"description\":\"\",\"potentialAction\":[{\"@type\":\"SearchAction\",\"target\":{\"@type\":\"EntryPoint\",\"urlTemplate\":\"https:\\\/\\\/jyskhazhozszallitas.hu\\\/?s={search_term_string}\"},\"query-input\":{\"@type\":\"PropertyValueSpecification\",\"valueRequired\":true,\"valueName\":\"search_term_string\"}}],\"inLanguage\":\"hu\"}]}<\/script>\n<!-- \/ Yoast SEO plugin. -->","yoast_head_json":{"title":"Sz\u00e1ll\u00edt\u00e1si inform\u00e1ci\u00f3 vid\u00e9k - JYSK h\u00e1zhozsz\u00e1ll\u00edt\u00e1s","robots":{"index":"index","follow":"follow","max-snippet":"max-snippet:-1","max-image-preview":"max-image-preview:large","max-video-preview":"max-video-preview:-1"},"canonical":"https:\/\/jyskhazhozszallitas.hu\/index.php\/__trashed\/","og_locale":"hu_HU","og_type":"article","og_title":"Sz\u00e1ll\u00edt\u00e1si inform\u00e1ci\u00f3 vid\u00e9k - JYSK h\u00e1zhozsz\u00e1ll\u00edt\u00e1s","og_description":"[vc_row][vc_column][vc_column_text css=&#8221;&#8221;] Sz\u00e1ll\u00edt\u00e1si inform\u00e1ci\u00f3 Pest V\u00e1rmegy\u00e9n k\u00edv\u00fcli \u00e9s cegl\u00e9di JYSK \u00e1ruh\u00e1zak [\/vc_column_text][vc_empty_space][\/vc_column][\/vc_row][vc_row][vc_column][vc_column_text css=&#8221;&#8221;] K\u00e9rj\u00fck, ellen\u0151rizze a sz\u00e1ll\u00edt\u00f3lev\u00e9len r\u00f6gz\u00edtett adatokat: Szem\u00e9lyes adatait (n\u00e9v, c\u00edm, telefonsz\u00e1m, e-mail)&hellip;","og_url":"https:\/\/jyskhazhozszallitas.hu\/index.php\/__trashed\/","og_site_name":"JYSK h\u00e1zhozsz\u00e1ll\u00edt\u00e1s","article_modified_time":"2025-04-27T14:57:06+00:00","twitter_card":"summary_large_image","twitter_misc":{"Becs\u00fclt olvas\u00e1si id\u0151":"2 perc"},"schema":{"@context":"https:\/\/schema.org","@graph":[{"@type":"WebPage","@id":"https:\/\/jyskhazhozszallitas.hu\/index.php\/__trashed\/","url":"https:\/\/jyskhazhozszallitas.hu\/index.php\/__trashed\/","name":"Sz\u00e1ll\u00edt\u00e1si inform\u00e1ci\u00f3 vid\u00e9k - JYSK h\u00e1zhozsz\u00e1ll\u00edt\u00e1s","isPartOf":{"@id":"https:\/\/jyskhazhozszallitas.hu\/#website"},"datePublished":"2025-04-07T16:00:05+00:00","dateModified":"2025-04-27T14:57:06+00:00","breadcrumb":{"@id":"https:\/\/jyskhazhozszallitas.hu\/index.php\/__trashed\/#breadcrumb"},"inLanguage":"hu","potentialAction":[{"@type":"ReadAction","target":["https:\/\/jyskhazhozszallitas.hu\/index.php\/__trashed\/"]}]},{"@type":"BreadcrumbList","@id":"https:\/\/jyskhazhozszallitas.hu\/index.php\/__trashed\/#breadcrumb","itemListElement":[{"@type":"ListItem","position":1,"name":"Kezd\u0151lap","item":"https:\/\/jyskhazhozszallitas.hu\/en\/"},{"@type":"ListItem","position":2,"name":"Sz\u00e1ll\u00edt\u00e1si inform\u00e1ci\u00f3 vid\u00e9k"}]},{"@type":"WebSite","@id":"https:\/\/jyskhazhozszallitas.hu\/#website","url":"https:\/\/jyskhazhozszallitas.hu\/","name":"JYSK h\u00e1zhozsz\u00e1ll\u00edt\u00e1s","description":"","potentialAction":[{"@type":"SearchAction","target":{"@type":"EntryPoint","urlTemplate":"https:\/\/jyskhazhozszallitas.hu\/?s={search_term_string}"},"query-input":{"@type":"PropertyValueSpecification","valueRequired":true,"valueName":"search_term_string"}}],"inLanguage":"hu"}]}},"_links":{"self":[{"href":"https:\/\/jyskhazhozszallitas.hu\/index.php\/wp-json\/wp\/v2\/pages\/65","targetHints":{"allow":["GET"]}}],"collection":[{"href":"https:\/\/jyskhazhozszallitas.hu\/index.php\/wp-json\/wp\/v2\/pages"}],"about":[{"href":"https:\/\/jyskhazhozszallitas.hu\/index.php\/wp-json\/wp\/v2\/types\/page"}],"author":[{"embeddable":true,"href":"https:\/\/jyskhazhozszallitas.hu\/index.php\/wp-json\/wp\/v2\/users\/1"}],"replies":[{"embeddable":true,"href":"https:\/\/jyskhazhozszallitas.hu\/index.php\/wp-json\/wp\/v2\/comments?post=65"}],"version-history":[{"count":5,"href":"https:\/\/jyskhazhozszallitas.hu\/index.php\/wp-json\/wp\/v2\/pages\/65\/revisions"}],"predecessor-version":[{"id":119,"href":"https:\/\/jyskhazhozszallitas.hu\/index.php\/wp-json\/wp\/v2\/pages\/65\/revisions\/119"}],"wp:attachment":[{"href":"https:\/\/jyskhazhozszallitas.hu\/index.php\/wp-json\/wp\/v2\/media?parent=65"}],"curies":[{"name":"wp","href":"https:\/\/api.w.org\/{rel}","templated":true}]}}